{"id":354,"date":"2016-11-03T17:58:44","date_gmt":"2016-11-03T17:58:44","guid":{"rendered":"http:\/\/lawyer2.mythemecloud.io\/?page_id=354"},"modified":"2023-08-26T17:59:02","modified_gmt":"2023-08-26T15:59:02","slug":"contact","status":"publish","type":"page","link":"http:\/\/ko-relacje-psychoterapia.pl\/?page_id=354","title":{"rendered":"Kontakt"},"content":{"rendered":"\t\t<div data-elementor-type=\"wp-post\" data-elementor-id=\"354\" class=\"elementor elementor-354\">\n\t\t\t\t\t\t\t\t\t<section class=\"elementor-section elementor-top-section elementor-element elementor-element-hlt93es elementor-section-full_width elementor-section-height-default elementor-section-height-default\" data-id=\"hlt93es\" data-element_type=\"section\">\n\t\t\t\t\t\t<div class=\"elementor-container elementor-column-gap-default\">\n\t\t\t\t\t<div class=\"elementor-column elementor-col-100 elementor-top-column elementor-element elementor-element-e9sgetw\" data-id=\"e9sgetw\" data-element_type=\"column\">\n\t\t\t<div class=\"elementor-widget-wrap elementor-element-populated\">\n\t\t\t\t\t\t\t\t<div class=\"elementor-element elementor-element-zhkzbdk elementor-widget elementor-widget-google_maps\" data-id=\"zhkzbdk\" data-element_type=\"widget\" data-widget_type=\"google_maps.default\">\n\t\t\t\t<div class=\"elementor-widget-container\">\n\t\t\t<style>\/*! elementor - v3.6.6 - 08-06-2022 *\/\n.elementor-widget-google_maps .elementor-widget-container{overflow:hidden}.elementor-widget-google_maps iframe{height:300px}<\/style>\t\t<div class=\"elementor-custom-embed\">\n\t\t\t<iframe frameborder=\"0\" scrolling=\"no\" marginheight=\"0\" marginwidth=\"0\"\n\t\t\t\t\tsrc=\"https:\/\/maps.google.com\/maps?q=wroc%C5%82aw%2CPocztowa%2012%2F14%20%2C%20polska&#038;t=m&#038;z=15&#038;output=embed&#038;iwloc=near\"\n\t\t\t\t\ttitle=\"wroc\u0142aw,Pocztowa 12\/14 , polska\"\n\t\t\t\t\taria-label=\"wroc\u0142aw,Pocztowa 12\/14 , polska\"\n\t\t\t><\/iframe>\n\t\t<\/div>\n\t\t\t\t<\/div>\n\t\t\t\t<\/div>\n\t\t\t\t\t<\/div>\n\t\t<\/div>\n\t\t\t\t\t\t\t<\/div>\n\t\t<\/section>\n\t\t\t\t<section class=\"elementor-section elementor-top-section elementor-element elementor-element-lh8ypsj elementor-section-boxed elementor-section-height-default elementor-section-height-default\" data-id=\"lh8ypsj\" data-element_type=\"section\" data-settings=\"{&quot;background_background&quot;:&quot;classic&quot;}\">\n\t\t\t\t\t\t<div class=\"elementor-container elementor-column-gap-default\">\n\t\t\t\t\t<div class=\"elementor-column elementor-col-33 elementor-top-column elementor-element elementor-element-h3u9tf3\" data-id=\"h3u9tf3\" data-element_type=\"column\">\n\t\t\t<div class=\"elementor-widget-wrap elementor-element-populated\">\n\t\t\t\t\t\t\t\t<div class=\"elementor-element elementor-element-3c1c733 elementor-position-top elementor-vertical-align-top elementor-widget elementor-widget-image-box\" data-id=\"3c1c733\" data-element_type=\"widget\" data-widget_type=\"image-box.default\">\n\t\t\t\t<div class=\"elementor-widget-container\">\n\t\t\t<style>\/*! elementor - v3.6.6 - 08-06-2022 *\/\n.elementor-widget-image-box .elementor-image-box-content{width:100%}@media (min-width:768px){.elementor-widget-image-box.elementor-position-left .elementor-image-box-wrapper,.elementor-widget-image-box.elementor-position-right .elementor-image-box-wrapper{display:-webkit-box;display:-ms-flexbox;display:flex}.elementor-widget-image-box.elementor-position-right .elementor-image-box-wrapper{text-align:right;-webkit-box-orient:horizontal;-webkit-box-direction:reverse;-ms-flex-direction:row-reverse;flex-direction:row-reverse}.elementor-widget-image-box.elementor-position-left .elementor-image-box-wrapper{text-align:left;-webkit-box-orient:horizontal;-webkit-box-direction:normal;-ms-flex-direction:row;flex-direction:row}.elementor-widget-image-box.elementor-position-top .elementor-image-box-img{margin:auto}.elementor-widget-image-box.elementor-vertical-align-top .elementor-image-box-wrapper{-webkit-box-align:start;-ms-flex-align:start;align-items:flex-start}.elementor-widget-image-box.elementor-vertical-align-middle .elementor-image-box-wrapper{-webkit-box-align:center;-ms-flex-align:center;align-items:center}.elementor-widget-image-box.elementor-vertical-align-bottom .elementor-image-box-wrapper{-webkit-box-align:end;-ms-flex-align:end;align-items:flex-end}}@media (max-width:767px){.elementor-widget-image-box .elementor-image-box-img{margin-left:auto!important;margin-right:auto!important;margin-bottom:15px}}.elementor-widget-image-box .elementor-image-box-img{display:inline-block}.elementor-widget-image-box .elementor-image-box-title a{color:inherit}.elementor-widget-image-box .elementor-image-box-wrapper{text-align:center}.elementor-widget-image-box .elementor-image-box-description{margin:0}<\/style><div class=\"elementor-image-box-wrapper\"><figure class=\"elementor-image-box-img\"><img decoding=\"async\" width=\"512\" height=\"512\" src=\"http:\/\/ko-relacje-psychoterapia.pl\/wp-content\/uploads\/2022\/04\/location-3.png\" class=\"attachment-full size-full\" alt=\"\" loading=\"lazy\" \/><\/figure><div class=\"elementor-image-box-content\"><h2 class=\"elementor-image-box-title\">Adres<\/h2><p class=\"elementor-image-box-description\">Wroc\u0142aw, Polska<br>ul. Pocztowa 12\/14 m. 11  <br>kod pocztowy 53-313<\/p><\/div><\/div>\t\t<\/div>\n\t\t\t\t<\/div>\n\t\t\t\t\t<\/div>\n\t\t<\/div>\n\t\t\t\t<div class=\"elementor-column elementor-col-33 elementor-top-column elementor-element elementor-element-re222k6\" data-id=\"re222k6\" data-element_type=\"column\">\n\t\t\t<div class=\"elementor-widget-wrap elementor-element-populated\">\n\t\t\t\t\t\t\t\t<div class=\"elementor-element elementor-element-b41f7cc elementor-position-top elementor-vertical-align-top elementor-widget elementor-widget-image-box\" data-id=\"b41f7cc\" data-element_type=\"widget\" data-widget_type=\"image-box.default\">\n\t\t\t\t<div class=\"elementor-widget-container\">\n\t\t\t<div class=\"elementor-image-box-wrapper\"><figure class=\"elementor-image-box-img\"><img decoding=\"async\" width=\"512\" height=\"512\" src=\"http:\/\/ko-relacje-psychoterapia.pl\/wp-content\/uploads\/2022\/04\/time.png\" class=\"attachment-full size-full\" alt=\"\" loading=\"lazy\" \/><\/figure><div class=\"elementor-image-box-content\"><h2 class=\"elementor-image-box-title\">Telefon<\/h2><p class=\"elementor-image-box-description\">571 036 680<br>Gabinet otwarty:<br> wtorki: 16.00-19.00<br>czwartki: 16:00-19:00<\/p><\/div><\/div>\t\t<\/div>\n\t\t\t\t<\/div>\n\t\t\t\t\t<\/div>\n\t\t<\/div>\n\t\t\t\t<div class=\"elementor-column elementor-col-33 elementor-top-column elementor-element elementor-element-up4gpqk\" data-id=\"up4gpqk\" data-element_type=\"column\">\n\t\t\t<div class=\"elementor-widget-wrap elementor-element-populated\">\n\t\t\t\t\t\t\t\t<div class=\"elementor-element elementor-element-ca0d40d elementor-position-top elementor-vertical-align-top elementor-widget elementor-widget-image-box\" data-id=\"ca0d40d\" data-element_type=\"widget\" data-widget_type=\"image-box.default\">\n\t\t\t\t<div class=\"elementor-widget-container\">\n\t\t\t<div class=\"elementor-image-box-wrapper\"><figure class=\"elementor-image-box-img\"><img decoding=\"async\" width=\"512\" height=\"512\" src=\"http:\/\/ko-relacje-psychoterapia.pl\/wp-content\/uploads\/2022\/04\/send.png\" class=\"attachment-full size-full\" alt=\"\" loading=\"lazy\" \/><\/figure><div class=\"elementor-image-box-content\"><h2 class=\"elementor-image-box-title\">Kontakt<\/h2><p class=\"elementor-image-box-description\">eva.sieniawska@gmail.com<\/p><\/div><\/div>\t\t<\/div>\n\t\t\t\t<\/div>\n\t\t\t\t\t<\/div>\n\t\t<\/div>\n\t\t\t\t\t\t\t<\/div>\n\t\t<\/section>\n\t\t\t\t<section class=\"elementor-section elementor-top-section elementor-element elementor-element-de9db0f elementor-section-boxed elementor-section-height-default elementor-section-height-default\" data-id=\"de9db0f\" data-element_type=\"section\">\n\t\t\t\t\t\t<div class=\"elementor-container elementor-column-gap-default\">\n\t\t\t\t\t<div class=\"elementor-column elementor-col-100 elementor-top-column elementor-element elementor-element-0fcd47e\" data-id=\"0fcd47e\" data-element_type=\"column\">\n\t\t\t<div class=\"elementor-widget-wrap elementor-element-populated\">\n\t\t\t\t\t\t\t\t<div class=\"elementor-element elementor-element-0cd42b9 elementor-widget elementor-widget-image\" data-id=\"0cd42b9\" data-element_type=\"widget\" data-widget_type=\"image.default\">\n\t\t\t\t<div class=\"elementor-widget-container\">\n\t\t\t<style>\/*! elementor - v3.6.6 - 08-06-2022 *\/\n.elementor-widget-image{text-align:center}.elementor-widget-image a{display:inline-block}.elementor-widget-image a img[src$=\".svg\"]{width:48px}.elementor-widget-image img{vertical-align:middle;display:inline-block}<\/style>\t\t\t\t\t\t\t\t\t\t\t\t<img decoding=\"async\" width=\"933\" height=\"700\" src=\"http:\/\/ko-relacje-psychoterapia.pl\/wp-content\/uploads\/2023\/08\/img4.webp\" class=\"attachment-large size-large\" alt=\"\" loading=\"lazy\" srcset=\"http:\/\/ko-relacje-psychoterapia.pl\/wp-content\/uploads\/2023\/08\/img4.webp 933w, http:\/\/ko-relacje-psychoterapia.pl\/wp-content\/uploads\/2023\/08\/img4-300x225.webp 300w, http:\/\/ko-relacje-psychoterapia.pl\/wp-content\/uploads\/2023\/08\/img4-768x576.webp 768w\" sizes=\"(max-width: 933px) 100vw, 933px\" \/>\t\t\t\t\t\t\t\t\t\t\t\t\t\t\t<\/div>\n\t\t\t\t<\/div>\n\t\t\t\t<div class=\"elementor-element elementor-element-b60657b elementor-widget elementor-widget-text-editor\" data-id=\"b60657b\" data-element_type=\"widget\" data-widget_type=\"text-editor.default\">\n\t\t\t\t<div class=\"elementor-widget-container\">\n\t\t\t<style>\/*! elementor - v3.6.6 - 08-06-2022 *\/\n.elementor-widget-text-editor.elementor-drop-cap-view-stacked .elementor-drop-cap{background-color:#818a91;color:#fff}.elementor-widget-text-editor.elementor-drop-cap-view-framed .elementor-drop-cap{color:#818a91;border:3px solid;background-color:transparent}.elementor-widget-text-editor:not(.elementor-drop-cap-view-default) .elementor-drop-cap{margin-top:8px}.elementor-widget-text-editor:not(.elementor-drop-cap-view-default) .elementor-drop-cap-letter{width:1em;height:1em}.elementor-widget-text-editor .elementor-drop-cap{float:left;text-align:center;line-height:1;font-size:50px}.elementor-widget-text-editor .elementor-drop-cap-letter{display:inline-block}<\/style>\t\t\t\t<p>Dojazd:<\/p><ul style=\"margin-top: 0cm;\" type=\"disc\"><li class=\"m_-2090322023350588279MsoListParagraph\">Samoch\u00f3d \u2013 bezp\u0142atne miejsca do parkowania<u><\/u><u><\/u><\/li><li class=\"m_-2090322023350588279MsoListParagraph\">Tramwaj: <b>2,6,7,17,20<\/b><\/li><li class=\"m_-2090322023350588279MsoListParagraph\">Autobus: <b>A,D,124,126,127,133,134,136,<\/b><wbr \/><b>143<\/b><\/li><\/ul><p>Kod do bramy wej\u015bciowej zostanie przes\u0142any sms -em lub e-mailem po um\u00f3wieniu wizyty.<u><\/u><u><\/u><\/p><p>1 pi\u0119tro, drzwi po prawej stronie.<u><\/u><u><\/u><\/p><p>Prosz\u0119 czeka\u0107 w poczekalni.<\/p>\t\t\t\t\t\t<\/div>\n\t\t\t\t<\/div>\n\t\t\t\t<div class=\"elementor-element elementor-element-8c58b53 elementor-widget elementor-widget-image\" data-id=\"8c58b53\" data-element_type=\"widget\" data-widget_type=\"image.default\">\n\t\t\t\t<div class=\"elementor-widget-container\">\n\t\t\t\t\t\t\t\t\t\t\t\t\t\t\t<img decoding=\"async\" width=\"525\" height=\"700\" src=\"http:\/\/ko-relacje-psychoterapia.pl\/wp-content\/uploads\/2023\/08\/img6.webp\" class=\"attachment-large size-large\" alt=\"\" loading=\"lazy\" srcset=\"http:\/\/ko-relacje-psychoterapia.pl\/wp-content\/uploads\/2023\/08\/img6.webp 525w, http:\/\/ko-relacje-psychoterapia.pl\/wp-content\/uploads\/2023\/08\/img6-225x300.webp 225w\" sizes=\"(max-width: 525px) 100vw, 525px\" \/>\t\t\t\t\t\t\t\t\t\t\t\t\t\t\t<\/div>\n\t\t\t\t<\/div>\n\t\t\t\t\t<\/div>\n\t\t<\/div>\n\t\t\t\t\t\t\t<\/div>\n\t\t<\/section>\n\t\t\t\t\t\t\t<\/div>\n\t\t","protected":false},"excerpt":{"rendered":"<p>Adres Wroc\u0142aw, Polskaul. Pocztowa 12\/14 m. 11 kod pocztowy 53-313 Telefon 571 036 680Gabinet otwarty: wtorki: 16.00-19.00czwartki: 16:00-19:00 Kontakt eva.sieniawska@gmail.com Dojazd: Samoch\u00f3d \u2013 bezp\u0142atne miejsca do parkowania Tramwaj: 2,6,7,17,20 Autobus: A,D,124,126,127,133,134,136,143 Kod do bramy wej\u015bciowej zostanie przes\u0142any sms -em lub e-mailem po um\u00f3wieniu wizyty. 1 pi\u0119tro, drzwi po prawej stronie. Prosz\u0119 czeka\u0107 w poczekalni.<\/p>\n","protected":false},"author":1,"featured_media":0,"parent":0,"menu_order":0,"comment_status":"closed","ping_status":"closed","template":"","meta":[],"yoast_head":"<!-- This site is optimized with the Yoast SEO plugin v19.1 - https:\/\/yoast.com\/wordpress\/plugins\/seo\/ -->\n<title>Kontakt - Ko-Relacje Pychoterapia Integratywna<\/title>\n<meta name=\"robots\" content=\"index, follow, max-snippet:-1, max-image-preview:large, max-video-preview:-1\" \/>\n<link rel=\"canonical\" href=\"http:\/\/ko-relacje-psychoterapia.pl\/?page_id=354\" \/>\n<meta property=\"og:locale\" content=\"pl_PL\" \/>\n<meta property=\"og:type\" content=\"article\" \/>\n<meta property=\"og:title\" content=\"Kontakt - Ko-Relacje Pychoterapia Integratywna\" \/>\n<meta property=\"og:description\" content=\"Adres Wroc\u0142aw, Polskaul. Pocztowa 12\/14 m. 11 kod pocztowy 53-313 Telefon 571 036 680Gabinet otwarty: wtorki: 16.00-19.00czwartki: 16:00-19:00 Kontakt eva.sieniawska@gmail.com Dojazd: Samoch\u00f3d \u2013 bezp\u0142atne miejsca do parkowania Tramwaj: 2,6,7,17,20 Autobus: A,D,124,126,127,133,134,136,143 Kod do bramy wej\u015bciowej zostanie przes\u0142any sms -em lub e-mailem po um\u00f3wieniu wizyty. 1 pi\u0119tro, drzwi po prawej stronie. Prosz\u0119 czeka\u0107 w poczekalni.\" \/>\n<meta property=\"og:url\" content=\"http:\/\/ko-relacje-psychoterapia.pl\/?page_id=354\" \/>\n<meta property=\"og:site_name\" content=\"Ko-Relacje Pychoterapia Integratywna\" \/>\n<meta property=\"article:modified_time\" content=\"2023-08-26T15:59:02+00:00\" \/>\n<meta property=\"og:image\" content=\"http:\/\/ko-relacje-psychoterapia.pl\/wp-content\/uploads\/2022\/04\/location-3.png\" \/>\n<meta name=\"twitter:card\" content=\"summary_large_image\" \/>\n<meta name=\"twitter:label1\" content=\"Szacowany czas czytania\" \/>\n\t<meta name=\"twitter:data1\" content=\"1 minuta\" \/>\n<script type=\"application\/ld+json\" class=\"yoast-schema-graph\">{\"@context\":\"https:\/\/schema.org\",\"@graph\":[{\"@type\":\"WebSite\",\"@id\":\"http:\/\/ko-relacje-psychoterapia.pl\/#website\",\"url\":\"http:\/\/ko-relacje-psychoterapia.pl\/\",\"name\":\"Ko-Relacje Pychoterapia Integratywna\",\"description\":\"\",\"potentialAction\":[{\"@type\":\"SearchAction\",\"target\":{\"@type\":\"EntryPoint\",\"urlTemplate\":\"http:\/\/ko-relacje-psychoterapia.pl\/?s={search_term_string}\"},\"query-input\":\"required name=search_term_string\"}],\"inLanguage\":\"pl-PL\"},{\"@type\":\"ImageObject\",\"inLanguage\":\"pl-PL\",\"@id\":\"http:\/\/ko-relacje-psychoterapia.pl\/?page_id=354#primaryimage\",\"url\":\"http:\/\/ko-relacje-psychoterapia.pl\/wp-content\/uploads\/2022\/04\/location-3.png\",\"contentUrl\":\"http:\/\/ko-relacje-psychoterapia.pl\/wp-content\/uploads\/2022\/04\/location-3.png\",\"width\":512,\"height\":512},{\"@type\":\"WebPage\",\"@id\":\"http:\/\/ko-relacje-psychoterapia.pl\/?page_id=354#webpage\",\"url\":\"http:\/\/ko-relacje-psychoterapia.pl\/?page_id=354\",\"name\":\"Kontakt - Ko-Relacje Pychoterapia Integratywna\",\"isPartOf\":{\"@id\":\"http:\/\/ko-relacje-psychoterapia.pl\/#website\"},\"primaryImageOfPage\":{\"@id\":\"http:\/\/ko-relacje-psychoterapia.pl\/?page_id=354#primaryimage\"},\"datePublished\":\"2016-11-03T17:58:44+00:00\",\"dateModified\":\"2023-08-26T15:59:02+00:00\",\"breadcrumb\":{\"@id\":\"http:\/\/ko-relacje-psychoterapia.pl\/?page_id=354#breadcrumb\"},\"inLanguage\":\"pl-PL\",\"potentialAction\":[{\"@type\":\"ReadAction\",\"target\":[\"http:\/\/ko-relacje-psychoterapia.pl\/?page_id=354\"]}]},{\"@type\":\"BreadcrumbList\",\"@id\":\"http:\/\/ko-relacje-psychoterapia.pl\/?page_id=354#breadcrumb\",\"itemListElement\":[{\"@type\":\"ListItem\",\"position\":1,\"name\":\"Home\",\"item\":\"http:\/\/ko-relacje-psychoterapia.pl\/\"},{\"@type\":\"ListItem\",\"position\":2,\"name\":\"Kontakt\"}]}]}<\/script>\n<!-- \/ Yoast SEO plugin. -->","yoast_head_json":{"title":"Kontakt - Ko-Relacje Pychoterapia Integratywna","robots":{"index":"index","follow":"follow","max-snippet":"max-snippet:-1","max-image-preview":"max-image-preview:large","max-video-preview":"max-video-preview:-1"},"canonical":"http:\/\/ko-relacje-psychoterapia.pl\/?page_id=354","og_locale":"pl_PL","og_type":"article","og_title":"Kontakt - Ko-Relacje Pychoterapia Integratywna","og_description":"Adres Wroc\u0142aw, Polskaul. Pocztowa 12\/14 m. 11 kod pocztowy 53-313 Telefon 571 036 680Gabinet otwarty: wtorki: 16.00-19.00czwartki: 16:00-19:00 Kontakt eva.sieniawska@gmail.com Dojazd: Samoch\u00f3d \u2013 bezp\u0142atne miejsca do parkowania Tramwaj: 2,6,7,17,20 Autobus: A,D,124,126,127,133,134,136,143 Kod do bramy wej\u015bciowej zostanie przes\u0142any sms -em lub e-mailem po um\u00f3wieniu wizyty. 1 pi\u0119tro, drzwi po prawej stronie. Prosz\u0119 czeka\u0107 w poczekalni.","og_url":"http:\/\/ko-relacje-psychoterapia.pl\/?page_id=354","og_site_name":"Ko-Relacje Pychoterapia Integratywna","article_modified_time":"2023-08-26T15:59:02+00:00","og_image":[{"url":"http:\/\/ko-relacje-psychoterapia.pl\/wp-content\/uploads\/2022\/04\/location-3.png"}],"twitter_card":"summary_large_image","twitter_misc":{"Szacowany czas czytania":"1 minuta"},"schema":{"@context":"https:\/\/schema.org","@graph":[{"@type":"WebSite","@id":"http:\/\/ko-relacje-psychoterapia.pl\/#website","url":"http:\/\/ko-relacje-psychoterapia.pl\/","name":"Ko-Relacje Pychoterapia Integratywna","description":"","potentialAction":[{"@type":"SearchAction","target":{"@type":"EntryPoint","urlTemplate":"http:\/\/ko-relacje-psychoterapia.pl\/?s={search_term_string}"},"query-input":"required name=search_term_string"}],"inLanguage":"pl-PL"},{"@type":"ImageObject","inLanguage":"pl-PL","@id":"http:\/\/ko-relacje-psychoterapia.pl\/?page_id=354#primaryimage","url":"http:\/\/ko-relacje-psychoterapia.pl\/wp-content\/uploads\/2022\/04\/location-3.png","contentUrl":"http:\/\/ko-relacje-psychoterapia.pl\/wp-content\/uploads\/2022\/04\/location-3.png","width":512,"height":512},{"@type":"WebPage","@id":"http:\/\/ko-relacje-psychoterapia.pl\/?page_id=354#webpage","url":"http:\/\/ko-relacje-psychoterapia.pl\/?page_id=354","name":"Kontakt - Ko-Relacje Pychoterapia Integratywna","isPartOf":{"@id":"http:\/\/ko-relacje-psychoterapia.pl\/#website"},"primaryImageOfPage":{"@id":"http:\/\/ko-relacje-psychoterapia.pl\/?page_id=354#primaryimage"},"datePublished":"2016-11-03T17:58:44+00:00","dateModified":"2023-08-26T15:59:02+00:00","breadcrumb":{"@id":"http:\/\/ko-relacje-psychoterapia.pl\/?page_id=354#breadcrumb"},"inLanguage":"pl-PL","potentialAction":[{"@type":"ReadAction","target":["http:\/\/ko-relacje-psychoterapia.pl\/?page_id=354"]}]},{"@type":"BreadcrumbList","@id":"http:\/\/ko-relacje-psychoterapia.pl\/?page_id=354#breadcrumb","itemListElement":[{"@type":"ListItem","position":1,"name":"Home","item":"http:\/\/ko-relacje-psychoterapia.pl\/"},{"@type":"ListItem","position":2,"name":"Kontakt"}]}]}},"_links":{"self":[{"href":"http:\/\/ko-relacje-psychoterapia.pl\/index.php?rest_route=\/wp\/v2\/pages\/354"}],"collection":[{"href":"http:\/\/ko-relacje-psychoterapia.pl\/index.php?rest_route=\/wp\/v2\/pages"}],"about":[{"href":"http:\/\/ko-relacje-psychoterapia.pl\/index.php?rest_route=\/wp\/v2\/types\/page"}],"author":[{"embeddable":true,"href":"http:\/\/ko-relacje-psychoterapia.pl\/index.php?rest_route=\/wp\/v2\/users\/1"}],"replies":[{"embeddable":true,"href":"http:\/\/ko-relacje-psychoterapia.pl\/index.php?rest_route=%2Fwp%2Fv2%2Fcomments&post=354"}],"version-history":[{"count":57,"href":"http:\/\/ko-relacje-psychoterapia.pl\/index.php?rest_route=\/wp\/v2\/pages\/354\/revisions"}],"predecessor-version":[{"id":1388,"href":"http:\/\/ko-relacje-psychoterapia.pl\/index.php?rest_route=\/wp\/v2\/pages\/354\/revisions\/1388"}],"wp:attachment":[{"href":"http:\/\/ko-relacje-psychoterapia.pl\/index.php?rest_route=%2Fwp%2Fv2%2Fmedia&parent=354"}],"curies":[{"name":"wp","href":"https:\/\/api.w.org\/{rel}","templated":true}]}}