{"id":1096,"date":"2022-06-19T12:39:43","date_gmt":"2022-06-19T10:39:43","guid":{"rendered":"http:\/\/ko-relacje-psychoterapia.pl\/?page_id=1096"},"modified":"2025-01-30T18:03:42","modified_gmt":"2025-01-30T17:03:42","slug":"automatycznie-zapisany-szkic","status":"publish","type":"page","link":"http:\/\/ko-relacje-psychoterapia.pl\/?page_id=1096","title":{"rendered":"Metody Pracy"},"content":{"rendered":"\t\t<div data-elementor-type=\"wp-page\" data-elementor-id=\"1096\" class=\"elementor elementor-1096\">\n\t\t\t\t\t\t\t\t\t<section class=\"elementor-section elementor-top-section elementor-element elementor-element-5855b99 elementor-section-boxed elementor-section-height-default elementor-section-height-default\" data-id=\"5855b99\" data-element_type=\"section\">\n\t\t\t\t\t\t<div class=\"elementor-container elementor-column-gap-default\">\n\t\t\t\t\t<div class=\"elementor-column elementor-col-33 elementor-top-column elementor-element elementor-element-d661178\" data-id=\"d661178\" data-element_type=\"column\">\n\t\t\t<div class=\"elementor-widget-wrap elementor-element-populated\">\n\t\t\t\t\t\t\t\t<div class=\"elementor-element elementor-element-4b6089e elementor-widget elementor-widget-heading\" data-id=\"4b6089e\" data-element_type=\"widget\" data-widget_type=\"heading.default\">\n\t\t\t\t<div class=\"elementor-widget-container\">\n\t\t\t<style>\/*! elementor - v3.6.6 - 08-06-2022 *\/\n.elementor-heading-title{padding:0;margin:0;line-height:1}.elementor-widget-heading .elementor-heading-title[class*=elementor-size-]>a{color:inherit;font-size:inherit;line-height:inherit}.elementor-widget-heading .elementor-heading-title.elementor-size-small{font-size:15px}.elementor-widget-heading .elementor-heading-title.elementor-size-medium{font-size:19px}.elementor-widget-heading .elementor-heading-title.elementor-size-large{font-size:29px}.elementor-widget-heading .elementor-heading-title.elementor-size-xl{font-size:39px}.elementor-widget-heading .elementor-heading-title.elementor-size-xxl{font-size:59px}<\/style><h2 class=\"elementor-heading-title elementor-size-default\">METODY PRACY:<\/h2>\t\t<\/div>\n\t\t\t\t<\/div>\n\t\t\t\t<div class=\"elementor-element elementor-element-5ef0236 elementor-widget elementor-widget-text-editor\" data-id=\"5ef0236\" data-element_type=\"widget\" data-widget_type=\"text-editor.default\">\n\t\t\t\t<div class=\"elementor-widget-container\">\n\t\t\t<style>\/*! elementor - v3.6.6 - 08-06-2022 *\/\n.elementor-widget-text-editor.elementor-drop-cap-view-stacked .elementor-drop-cap{background-color:#818a91;color:#fff}.elementor-widget-text-editor.elementor-drop-cap-view-framed .elementor-drop-cap{color:#818a91;border:3px solid;background-color:transparent}.elementor-widget-text-editor:not(.elementor-drop-cap-view-default) .elementor-drop-cap{margin-top:8px}.elementor-widget-text-editor:not(.elementor-drop-cap-view-default) .elementor-drop-cap-letter{width:1em;height:1em}.elementor-widget-text-editor .elementor-drop-cap{float:left;text-align:center;line-height:1;font-size:50px}.elementor-widget-text-editor .elementor-drop-cap-letter{display:inline-block}<\/style>\t\t\t\t<p>Moje motto:<\/p><p>\u201e<strong><em>Pacjenci nie s\u0105 po to, \u017ceby\u015b ty si\u0119 czu\u0142a dobrze, tylko, \u017ceby\u015b im pomaga\u0142a<\/em><\/strong>\u201d <br \/>Ora Dresner<\/p><p>Pracuj\u0119 z osobami, kt\u00f3re prze\u017cywaj\u0105 r\u00f3\u017cnego rodzaju trudno\u015bci z powodu kryzysu, traumy, niedopasowania, braku samoakceptacji, wykluczenia, problem\u00f3w w\u00a0 relacjach z innymi lud\u017ami, r\u00f3wnie\u017c w bliskich zwi\u0105zkach\u00a0 oraz ka\u017cdej innej niedogodno\u015bci, kt\u00f3ra zaburza r\u00f3\u017cne obszary funkcjonowania.<\/p><p>Takie do\u015bwiadczenia powoduj\u0105 problemy emocjonalne, l\u0119ki, depresje czy nerwice. Wsp\u00f3lnie z klientem poszukujemy przyczyn i staramy si\u0119 zrozumie\u0107 pochodzenie trudno\u015bci, aby m\u00f3c je skutecznie zmienia\u0107.<\/p><p>Pracuj\u0119 tak\u017ce z osobami, kt\u00f3re chcia\u0142yby rozwija\u0107 i poznawa\u0107 siebie.<\/p><p><strong>W pracy \u0142\u0105cz\u0119 pi\u0119\u0107 nurt\u00f3w psychoterapeutycznych:<\/strong><\/p><ul><li>W nurcie poznawczo-behawioralnym (CBT) koncentruj\u0119 si\u0119 na problemach tu i teraz, przekonaniami, kt\u00f3re rz\u0105dz\u0105 my\u015blami i zachowaniami oraz nawykach, sposobach patrzenia na \u015bwiat i r\u00f3\u017cnymi zniekszta\u0142ceniami dotycz\u0105cymi emocji i uczu\u0107 wp\u0142ywaj\u0105cymi na bie\u017c\u0105ce funkcjonowanie.<\/li><li>W nurcie psychodynamicznym i GESTALT, koncentruj\u0119 si\u0119 na pog\u0142\u0119bionej pracy dotycz\u0105cej przebytych do\u015bwiadcze\u0144 mog\u0105cych mie\u0107 wp\u0142yw na bie\u017c\u0105ce funkcjonowanie, aby to co nie\u015bwiadome stawa\u0142o si\u0119 \u015bwiadome i dawa\u0142o mo\u017cliwo\u015b\u0107 rozwoju, mechanizmami zarz\u0105dzaj\u0105cymi bie\u017c\u0105cym funkcjonowaniem i ich pochodzeniem.<\/li><li>W nurcie systemowym bior\u0119 pod uwag\u0119 procesy zachodz\u0105ce w systemach, w kt\u00f3rych osoby funkcjonuj\u0105 (np. rodzina, praca) oraz mechanizmy rz\u0105dz\u0105ce tymi systemami i role os\u00f3b sk\u0142adaj\u0105cych si\u0119 na system.\u00a0<\/li><li>Ca\u0142o\u015b\u0107 mojej pracy \u0142\u0105czy nurt humanistyczno-egzystencjalny, kt\u00f3ry pozwala pod\u0105\u017ca\u0107 za klientem i wraz z nim analizowa\u0107 jego egzystencjalne problemy i pytania. Koncentruj\u0119 si\u0119 na cz\u0142owieku, jego sytuacji, mo\u017cliwo\u015bciach, oczekiwaniach i ograniczeniach a tak\u017ce na akceptacji pewnych sytuacji.<\/li><\/ul>\t\t\t\t\t\t<\/div>\n\t\t\t\t<\/div>\n\t\t\t\t\t<\/div>\n\t\t<\/div>\n\t\t\t\t<div class=\"elementor-column elementor-col-66 elementor-top-column elementor-element elementor-element-478c5cd\" data-id=\"478c5cd\" data-element_type=\"column\">\n\t\t\t<div class=\"elementor-widget-wrap elementor-element-populated\">\n\t\t\t\t\t\t\t\t<div class=\"elementor-element elementor-element-34af3a0 elementor-widget elementor-widget-image\" data-id=\"34af3a0\" data-element_type=\"widget\" data-widget_type=\"image.default\">\n\t\t\t\t<div class=\"elementor-widget-container\">\n\t\t\t<style>\/*! elementor - v3.6.6 - 08-06-2022 *\/\n.elementor-widget-image{text-align:center}.elementor-widget-image a{display:inline-block}.elementor-widget-image a img[src$=\".svg\"]{width:48px}.elementor-widget-image img{vertical-align:middle;display:inline-block}<\/style>\t\t\t\t\t\t\t\t\t\t\t\t<img decoding=\"async\" width=\"1024\" height=\"683\" src=\"http:\/\/ko-relacje-psychoterapia.pl\/wp-content\/uploads\/2022\/06\/darpomorza-1024x683.png\" class=\"attachment-large size-large\" alt=\"\" loading=\"lazy\" srcset=\"http:\/\/ko-relacje-psychoterapia.pl\/wp-content\/uploads\/2022\/06\/darpomorza-1024x683.png 1024w, http:\/\/ko-relacje-psychoterapia.pl\/wp-content\/uploads\/2022\/06\/darpomorza-300x200.png 300w, http:\/\/ko-relacje-psychoterapia.pl\/wp-content\/uploads\/2022\/06\/darpomorza-768x512.png 768w, http:\/\/ko-relacje-psychoterapia.pl\/wp-content\/uploads\/2022\/06\/darpomorza-1536x1024.png 1536w, http:\/\/ko-relacje-psychoterapia.pl\/wp-content\/uploads\/2022\/06\/darpomorza.png 1920w\" sizes=\"(max-width: 1024px) 100vw, 1024px\" \/>\t\t\t\t\t\t\t\t\t\t\t\t\t\t\t<\/div>\n\t\t\t\t<\/div>\n\t\t\t\t\t<\/div>\n\t\t<\/div>\n\t\t\t\t\t\t\t<\/div>\n\t\t<\/section>\n\t\t\t\t<section class=\"elementor-section elementor-top-section elementor-element elementor-element-fc8230f elementor-section-boxed elementor-section-height-default elementor-section-height-default\" data-id=\"fc8230f\" data-element_type=\"section\">\n\t\t\t\t\t\t<div class=\"elementor-container elementor-column-gap-default\">\n\t\t\t\t\t<div class=\"elementor-column elementor-col-50 elementor-top-column elementor-element elementor-element-b1fcc5a\" data-id=\"b1fcc5a\" data-element_type=\"column\">\n\t\t\t<div class=\"elementor-widget-wrap elementor-element-populated\">\n\t\t\t\t\t\t\t\t<div class=\"elementor-element elementor-element-efd8fb2 elementor-widget elementor-widget-image\" data-id=\"efd8fb2\" data-element_type=\"widget\" data-widget_type=\"image.default\">\n\t\t\t\t<div class=\"elementor-widget-container\">\n\t\t\t\t\t\t\t\t\t\t\t\t\t\t\t<img decoding=\"async\" width=\"1024\" height=\"768\" src=\"http:\/\/ko-relacje-psychoterapia.pl\/wp-content\/uploads\/2022\/05\/zakladka_omnie-1024x768.jpg\" class=\"attachment-large size-large\" alt=\"\" loading=\"lazy\" srcset=\"http:\/\/ko-relacje-psychoterapia.pl\/wp-content\/uploads\/2022\/05\/zakladka_omnie-1024x768.jpg 1024w, http:\/\/ko-relacje-psychoterapia.pl\/wp-content\/uploads\/2022\/05\/zakladka_omnie-1536x1152.jpg 1536w, http:\/\/ko-relacje-psychoterapia.pl\/wp-content\/uploads\/2022\/05\/zakladka_omnie-2048x1536.jpg 2048w\" sizes=\"(max-width: 1024px) 100vw, 1024px\" \/>\t\t\t\t\t\t\t\t\t\t\t\t\t\t\t<\/div>\n\t\t\t\t<\/div>\n\t\t\t\t\t<\/div>\n\t\t<\/div>\n\t\t\t\t<div class=\"elementor-column elementor-col-50 elementor-top-column elementor-element elementor-element-2498059\" data-id=\"2498059\" data-element_type=\"column\">\n\t\t\t<div class=\"elementor-widget-wrap elementor-element-populated\">\n\t\t\t\t\t\t\t\t<div class=\"elementor-element elementor-element-93709eb elementor-widget elementor-widget-text-editor\" data-id=\"93709eb\" data-element_type=\"widget\" data-widget_type=\"text-editor.default\">\n\t\t\t\t<div class=\"elementor-widget-container\">\n\t\t\t\t\t\t\t<p>Integracyjne podej\u015bcie pozwala korzysta\u0107 z teorii wi\u0119cej ni\u017c jednego nurtu psychoterapeutycznego, co umo\u017cliwia dostosowanie procesu terapii do konkretnej osoby i wykorzystanie odpowiednich technik pomagaj\u0105cych w procesie terapii.<\/p><p>W pracy wykorzystuj\u0119 monodram\u0119 oraz r\u00f3\u017cne techniki pomocne w ograniczeniu poziomu l\u0119ku i stresu oraz pozwalaj\u0105ce nawi\u0105za\u0107 kontakt z cia\u0142em.<\/p><p>Wa\u017cnym elementem mojej pracy jest praca z trudnymi urazowymi do\u015bwiadczeniami, kt\u00f3re pojawi\u0142y si\u0119 na przestrzeni \u017cycia. Jest to praca nad wspomnieniami, kt\u00f3rych czynnik emocjonalny by\u0142 na tyle silny, \u017ce doprowadzi\u0142 do rozwini\u0119cia si\u0119 r\u00f3\u017cnego rodzaju traum. Wykorzystuj\u0119 do tego metod\u0119 EMDR.\u00a0<\/p><p>Do ka\u017cdej osoby podchodz\u0119 holistycznie i indywidualnie.<\/p><p>Podczas sesji po\u015bwi\u0119cam ca\u0142\u0105 uwag\u0119 klientowi,\u00a0 t\u0142umacz\u0119 mechanizmy i zale\u017cno\u015bci, kt\u00f3re wp\u0142ywaj\u0105 na emocje, my\u015bli i zachowania, aby klienci mogli lepiej zrozumie\u0107 dlaczego maj\u0105 trudno\u015bci w bie\u017c\u0105cym funkcjonowaniu i jak mog\u0105 to zmieni\u0107. Pomaga to r\u00f3wnie\u017c lepiej rozumie\u0107 proces terapeutyczny.<\/p><p>W pracy korzystam z wiarygodnych i rzetelnych test\u00f3w psychologicznych oraz superwizji.<\/p><p>Moje nastawienie: osi\u0105gni\u0119cie uzgodnionego z klientem realnego celu.<\/p><p>Kluczowym s\u0142owem dla mnie jest akceptacja, zw\u0142aszcza dla zmian, szczeg\u00f3lnie takich, na kt\u00f3re nie mamy wp\u0142ywu, kt\u00f3re dobrze jest u\u015bwiadomi\u0107 sobie, przyj\u0105\u0107 i nie walczy\u0107.<\/p>\t\t\t\t\t\t<\/div>\n\t\t\t\t<\/div>\n\t\t\t\t\t<\/div>\n\t\t<\/div>\n\t\t\t\t\t\t\t<\/div>\n\t\t<\/section>\n\t\t\t\t\t\t\t<\/div>\n\t\t","protected":false},"excerpt":{"rendered":"<p>METODY PRACY: Moje motto: \u201ePacjenci nie s\u0105 po to, \u017ceby\u015b ty si\u0119 czu\u0142a dobrze, tylko, \u017ceby\u015b im pomaga\u0142a\u201d Ora Dresner Pracuj\u0119 z osobami, kt\u00f3re prze\u017cywaj\u0105 r\u00f3\u017cnego rodzaju trudno\u015bci z powodu kryzysu, traumy, niedopasowania, braku samoakceptacji, wykluczenia, problem\u00f3w w\u00a0 relacjach z innymi lud\u017ami, r\u00f3wnie\u017c w bliskich zwi\u0105zkach\u00a0 oraz ka\u017cdej innej niedogodno\u015bci, kt\u00f3ra zaburza r\u00f3\u017cne obszary funkcjonowania. [&hellip;]<\/p>\n","protected":false},"author":1,"featured_media":0,"parent":0,"menu_order":0,"comment_status":"closed","ping_status":"closed","template":"elementor_header_footer","meta":[],"yoast_head":"<!-- This site is optimized with the Yoast SEO plugin v19.1 - https:\/\/yoast.com\/wordpress\/plugins\/seo\/ -->\n<title>Metody Pracy - Ko-Relacje Pychoterapia Integratywna<\/title>\n<meta name=\"robots\" content=\"index, follow, max-snippet:-1, max-image-preview:large, max-video-preview:-1\" \/>\n<link rel=\"canonical\" href=\"http:\/\/ko-relacje-psychoterapia.pl\/?page_id=1096\" \/>\n<meta property=\"og:locale\" content=\"pl_PL\" \/>\n<meta property=\"og:type\" content=\"article\" \/>\n<meta property=\"og:title\" content=\"Metody Pracy - Ko-Relacje Pychoterapia Integratywna\" \/>\n<meta property=\"og:description\" content=\"METODY PRACY: Moje motto: \u201ePacjenci nie s\u0105 po to, \u017ceby\u015b ty si\u0119 czu\u0142a dobrze, tylko, \u017ceby\u015b im pomaga\u0142a\u201d Ora Dresner Pracuj\u0119 z osobami, kt\u00f3re prze\u017cywaj\u0105 r\u00f3\u017cnego rodzaju trudno\u015bci z powodu kryzysu, traumy, niedopasowania, braku samoakceptacji, wykluczenia, problem\u00f3w w\u00a0 relacjach z innymi lud\u017ami, r\u00f3wnie\u017c w bliskich zwi\u0105zkach\u00a0 oraz ka\u017cdej innej niedogodno\u015bci, kt\u00f3ra zaburza r\u00f3\u017cne obszary funkcjonowania. [&hellip;]\" \/>\n<meta property=\"og:url\" content=\"http:\/\/ko-relacje-psychoterapia.pl\/?page_id=1096\" \/>\n<meta property=\"og:site_name\" content=\"Ko-Relacje Pychoterapia Integratywna\" \/>\n<meta property=\"article:modified_time\" content=\"2025-01-30T17:03:42+00:00\" \/>\n<meta property=\"og:image\" content=\"http:\/\/ko-relacje-psychoterapia.pl\/wp-content\/uploads\/2022\/06\/darpomorza-1024x683.png\" \/>\n<meta name=\"twitter:card\" content=\"summary_large_image\" \/>\n<meta name=\"twitter:label1\" content=\"Szacowany czas czytania\" \/>\n\t<meta name=\"twitter:data1\" content=\"3 minuty\" \/>\n<script type=\"application\/ld+json\" class=\"yoast-schema-graph\">{\"@context\":\"https:\/\/schema.org\",\"@graph\":[{\"@type\":\"WebSite\",\"@id\":\"http:\/\/ko-relacje-psychoterapia.pl\/#website\",\"url\":\"http:\/\/ko-relacje-psychoterapia.pl\/\",\"name\":\"Ko-Relacje Pychoterapia Integratywna\",\"description\":\"\",\"potentialAction\":[{\"@type\":\"SearchAction\",\"target\":{\"@type\":\"EntryPoint\",\"urlTemplate\":\"http:\/\/ko-relacje-psychoterapia.pl\/?s={search_term_string}\"},\"query-input\":\"required name=search_term_string\"}],\"inLanguage\":\"pl-PL\"},{\"@type\":\"ImageObject\",\"inLanguage\":\"pl-PL\",\"@id\":\"http:\/\/ko-relacje-psychoterapia.pl\/?page_id=1096#primaryimage\",\"url\":\"http:\/\/ko-relacje-psychoterapia.pl\/wp-content\/uploads\/2022\/06\/darpomorza.png\",\"contentUrl\":\"http:\/\/ko-relacje-psychoterapia.pl\/wp-content\/uploads\/2022\/06\/darpomorza.png\",\"width\":1920,\"height\":1280},{\"@type\":\"WebPage\",\"@id\":\"http:\/\/ko-relacje-psychoterapia.pl\/?page_id=1096#webpage\",\"url\":\"http:\/\/ko-relacje-psychoterapia.pl\/?page_id=1096\",\"name\":\"Metody Pracy - Ko-Relacje Pychoterapia Integratywna\",\"isPartOf\":{\"@id\":\"http:\/\/ko-relacje-psychoterapia.pl\/#website\"},\"primaryImageOfPage\":{\"@id\":\"http:\/\/ko-relacje-psychoterapia.pl\/?page_id=1096#primaryimage\"},\"datePublished\":\"2022-06-19T10:39:43+00:00\",\"dateModified\":\"2025-01-30T17:03:42+00:00\",\"breadcrumb\":{\"@id\":\"http:\/\/ko-relacje-psychoterapia.pl\/?page_id=1096#breadcrumb\"},\"inLanguage\":\"pl-PL\",\"potentialAction\":[{\"@type\":\"ReadAction\",\"target\":[\"http:\/\/ko-relacje-psychoterapia.pl\/?page_id=1096\"]}]},{\"@type\":\"BreadcrumbList\",\"@id\":\"http:\/\/ko-relacje-psychoterapia.pl\/?page_id=1096#breadcrumb\",\"itemListElement\":[{\"@type\":\"ListItem\",\"position\":1,\"name\":\"Home\",\"item\":\"http:\/\/ko-relacje-psychoterapia.pl\/\"},{\"@type\":\"ListItem\",\"position\":2,\"name\":\"Metody Pracy\"}]}]}<\/script>\n<!-- \/ Yoast SEO plugin. -->","yoast_head_json":{"title":"Metody Pracy - Ko-Relacje Pychoterapia Integratywna","robots":{"index":"index","follow":"follow","max-snippet":"max-snippet:-1","max-image-preview":"max-image-preview:large","max-video-preview":"max-video-preview:-1"},"canonical":"http:\/\/ko-relacje-psychoterapia.pl\/?page_id=1096","og_locale":"pl_PL","og_type":"article","og_title":"Metody Pracy - Ko-Relacje Pychoterapia Integratywna","og_description":"METODY PRACY: Moje motto: \u201ePacjenci nie s\u0105 po to, \u017ceby\u015b ty si\u0119 czu\u0142a dobrze, tylko, \u017ceby\u015b im pomaga\u0142a\u201d Ora Dresner Pracuj\u0119 z osobami, kt\u00f3re prze\u017cywaj\u0105 r\u00f3\u017cnego rodzaju trudno\u015bci z powodu kryzysu, traumy, niedopasowania, braku samoakceptacji, wykluczenia, problem\u00f3w w\u00a0 relacjach z innymi lud\u017ami, r\u00f3wnie\u017c w bliskich zwi\u0105zkach\u00a0 oraz ka\u017cdej innej niedogodno\u015bci, kt\u00f3ra zaburza r\u00f3\u017cne obszary funkcjonowania. [&hellip;]","og_url":"http:\/\/ko-relacje-psychoterapia.pl\/?page_id=1096","og_site_name":"Ko-Relacje Pychoterapia Integratywna","article_modified_time":"2025-01-30T17:03:42+00:00","og_image":[{"url":"http:\/\/ko-relacje-psychoterapia.pl\/wp-content\/uploads\/2022\/06\/darpomorza-1024x683.png"}],"twitter_card":"summary_large_image","twitter_misc":{"Szacowany czas czytania":"3 minuty"},"schema":{"@context":"https:\/\/schema.org","@graph":[{"@type":"WebSite","@id":"http:\/\/ko-relacje-psychoterapia.pl\/#website","url":"http:\/\/ko-relacje-psychoterapia.pl\/","name":"Ko-Relacje Pychoterapia Integratywna","description":"","potentialAction":[{"@type":"SearchAction","target":{"@type":"EntryPoint","urlTemplate":"http:\/\/ko-relacje-psychoterapia.pl\/?s={search_term_string}"},"query-input":"required name=search_term_string"}],"inLanguage":"pl-PL"},{"@type":"ImageObject","inLanguage":"pl-PL","@id":"http:\/\/ko-relacje-psychoterapia.pl\/?page_id=1096#primaryimage","url":"http:\/\/ko-relacje-psychoterapia.pl\/wp-content\/uploads\/2022\/06\/darpomorza.png","contentUrl":"http:\/\/ko-relacje-psychoterapia.pl\/wp-content\/uploads\/2022\/06\/darpomorza.png","width":1920,"height":1280},{"@type":"WebPage","@id":"http:\/\/ko-relacje-psychoterapia.pl\/?page_id=1096#webpage","url":"http:\/\/ko-relacje-psychoterapia.pl\/?page_id=1096","name":"Metody Pracy - Ko-Relacje Pychoterapia Integratywna","isPartOf":{"@id":"http:\/\/ko-relacje-psychoterapia.pl\/#website"},"primaryImageOfPage":{"@id":"http:\/\/ko-relacje-psychoterapia.pl\/?page_id=1096#primaryimage"},"datePublished":"2022-06-19T10:39:43+00:00","dateModified":"2025-01-30T17:03:42+00:00","breadcrumb":{"@id":"http:\/\/ko-relacje-psychoterapia.pl\/?page_id=1096#breadcrumb"},"inLanguage":"pl-PL","potentialAction":[{"@type":"ReadAction","target":["http:\/\/ko-relacje-psychoterapia.pl\/?page_id=1096"]}]},{"@type":"BreadcrumbList","@id":"http:\/\/ko-relacje-psychoterapia.pl\/?page_id=1096#breadcrumb","itemListElement":[{"@type":"ListItem","position":1,"name":"Home","item":"http:\/\/ko-relacje-psychoterapia.pl\/"},{"@type":"ListItem","position":2,"name":"Metody Pracy"}]}]}},"_links":{"self":[{"href":"http:\/\/ko-relacje-psychoterapia.pl\/index.php?rest_route=\/wp\/v2\/pages\/1096"}],"collection":[{"href":"http:\/\/ko-relacje-psychoterapia.pl\/index.php?rest_route=\/wp\/v2\/pages"}],"about":[{"href":"http:\/\/ko-relacje-psychoterapia.pl\/index.php?rest_route=\/wp\/v2\/types\/page"}],"author":[{"embeddable":true,"href":"http:\/\/ko-relacje-psychoterapia.pl\/index.php?rest_route=\/wp\/v2\/users\/1"}],"replies":[{"embeddable":true,"href":"http:\/\/ko-relacje-psychoterapia.pl\/index.php?rest_route=%2Fwp%2Fv2%2Fcomments&post=1096"}],"version-history":[{"count":25,"href":"http:\/\/ko-relacje-psychoterapia.pl\/index.php?rest_route=\/wp\/v2\/pages\/1096\/revisions"}],"predecessor-version":[{"id":1404,"href":"http:\/\/ko-relacje-psychoterapia.pl\/index.php?rest_route=\/wp\/v2\/pages\/1096\/revisions\/1404"}],"wp:attachment":[{"href":"http:\/\/ko-relacje-psychoterapia.pl\/index.php?rest_route=%2Fwp%2Fv2%2Fmedia&parent=1096"}],"curies":[{"name":"wp","href":"https:\/\/api.w.org\/{rel}","templated":true}]}}