{"id":1030,"date":"2022-06-19T10:13:52","date_gmt":"2022-06-19T08:13:52","guid":{"rendered":"http:\/\/ko-relacje-psychoterapia.pl\/?page_id=1030"},"modified":"2022-09-18T23:11:37","modified_gmt":"2022-09-18T21:11:37","slug":"umow-wizyte","status":"publish","type":"page","link":"http:\/\/ko-relacje-psychoterapia.pl\/?page_id=1030","title":{"rendered":"Um\u00f3w wizyt\u0119"},"content":{"rendered":"\t\t<div data-elementor-type=\"wp-page\" data-elementor-id=\"1030\" class=\"elementor elementor-1030\">\n\t\t\t\t\t\t\t\t\t<section class=\"elementor-section elementor-top-section elementor-element elementor-element-5604cd4 elementor-section-boxed elementor-section-height-default elementor-section-height-default\" data-id=\"5604cd4\" data-element_type=\"section\">\n\t\t\t\t\t\t<div class=\"elementor-container elementor-column-gap-default\">\n\t\t\t\t\t<div class=\"elementor-column elementor-col-100 elementor-top-column elementor-element elementor-element-1870990\" data-id=\"1870990\" data-element_type=\"column\">\n\t\t\t<div class=\"elementor-widget-wrap elementor-element-populated\">\n\t\t\t\t\t\t\t\t<section class=\"elementor-section elementor-inner-section elementor-element elementor-element-95c55d7 elementor-section-boxed elementor-section-height-default elementor-section-height-default\" data-id=\"95c55d7\" data-element_type=\"section\">\n\t\t\t\t\t\t<div class=\"elementor-container elementor-column-gap-default\">\n\t\t\t\t\t<div class=\"elementor-column elementor-col-50 elementor-inner-column elementor-element elementor-element-b48ecf1\" data-id=\"b48ecf1\" data-element_type=\"column\">\n\t\t\t<div class=\"elementor-widget-wrap elementor-element-populated\">\n\t\t\t\t\t\t\t\t<div class=\"elementor-element elementor-element-b0b87cb elementor-widget elementor-widget-heading\" data-id=\"b0b87cb\" data-element_type=\"widget\" data-widget_type=\"heading.default\">\n\t\t\t\t<div class=\"elementor-widget-container\">\n\t\t\t<style>\/*! elementor - v3.6.6 - 08-06-2022 *\/\n.elementor-heading-title{padding:0;margin:0;line-height:1}.elementor-widget-heading .elementor-heading-title[class*=elementor-size-]>a{color:inherit;font-size:inherit;line-height:inherit}.elementor-widget-heading .elementor-heading-title.elementor-size-small{font-size:15px}.elementor-widget-heading .elementor-heading-title.elementor-size-medium{font-size:19px}.elementor-widget-heading .elementor-heading-title.elementor-size-large{font-size:29px}.elementor-widget-heading .elementor-heading-title.elementor-size-xl{font-size:39px}.elementor-widget-heading .elementor-heading-title.elementor-size-xxl{font-size:59px}<\/style><h2 class=\"elementor-heading-title elementor-size-default\">W celu um\u00f3wienia si\u0119 na spotkanie mo\u017cesz:<\/h2>\t\t<\/div>\n\t\t\t\t<\/div>\n\t\t\t\t<div class=\"elementor-element elementor-element-b9937e3 elementor-widget elementor-widget-text-editor\" data-id=\"b9937e3\" data-element_type=\"widget\" data-widget_type=\"text-editor.default\">\n\t\t\t\t<div class=\"elementor-widget-container\">\n\t\t\t<style>\/*! elementor - v3.6.6 - 08-06-2022 *\/\n.elementor-widget-text-editor.elementor-drop-cap-view-stacked .elementor-drop-cap{background-color:#818a91;color:#fff}.elementor-widget-text-editor.elementor-drop-cap-view-framed .elementor-drop-cap{color:#818a91;border:3px solid;background-color:transparent}.elementor-widget-text-editor:not(.elementor-drop-cap-view-default) .elementor-drop-cap{margin-top:8px}.elementor-widget-text-editor:not(.elementor-drop-cap-view-default) .elementor-drop-cap-letter{width:1em;height:1em}.elementor-widget-text-editor .elementor-drop-cap{float:left;text-align:center;line-height:1;font-size:50px}.elementor-widget-text-editor .elementor-drop-cap-letter{display:inline-block}<\/style>\t\t\t\t<ul>\n<li>Um\u00f3wi\u0107 si\u0119 bezpo\u015brednio przez telefon: +48&nbsp;571-036-680<\/li>\n<\/ul>\n<ul>\n<li>Um\u00f3wi\u0107 spotkanie przez portal ZnanyLekarz.pl<\/li>\n<\/ul>\t\t\t\t\t\t<\/div>\n\t\t\t\t<\/div>\n\t\t\t\t\t<\/div>\n\t\t<\/div>\n\t\t\t\t<div class=\"elementor-column elementor-col-50 elementor-inner-column elementor-element elementor-element-d4a2257\" data-id=\"d4a2257\" data-element_type=\"column\">\n\t\t\t<div class=\"elementor-widget-wrap elementor-element-populated\">\n\t\t\t\t\t\t\t\t<div class=\"elementor-element elementor-element-bd18995 elementor-widget elementor-widget-html\" data-id=\"bd18995\" data-element_type=\"widget\" data-widget_type=\"html.default\">\n\t\t\t\t<div class=\"elementor-widget-container\">\n\t\t\t<a id=\"zl-url\" class=\"zl-url\" href=\"https:\/\/www.znanylekarz.pl\/ewa-sieniawska\/psychoterapeuta-psycholog\/wroclaw\" rel=\"nofollow\" data-zlw-doctor=\"ewa-sieniawska\" data-zlw-type=\"big\" data-zlw-opinion=\"false\" data-zlw-hide-branding=\"true\">Ewa Sieniawska - ZnanyLekarz.pl<\/a><script>!function($_x,_s,id){var js,fjs=$_x.getElementsByTagName(_s)[0];if(!$_x.getElementById(id)){js = $_x.createElement(_s);js.id = id;js.src = \"\/\/platform.docplanner.com\/js\/widget.js\";fjs.parentNode.insertBefore(js,fjs);}}(document,\"script\",\"zl-widget-s\");<\/script>\t\t<\/div>\n\t\t\t\t<\/div>\n\t\t\t\t\t<\/div>\n\t\t<\/div>\n\t\t\t\t\t\t\t<\/div>\n\t\t<\/section>\n\t\t\t\t\t<\/div>\n\t\t<\/div>\n\t\t\t\t\t\t\t<\/div>\n\t\t<\/section>\n\t\t\t\t\t\t\t<\/div>\n\t\t","protected":false},"excerpt":{"rendered":"<p>W celu um\u00f3wienia si\u0119 na spotkanie mo\u017cesz: Um\u00f3wi\u0107 si\u0119 bezpo\u015brednio przez telefon: +48&nbsp;571-036-680 Um\u00f3wi\u0107 spotkanie przez portal ZnanyLekarz.pl Ewa Sieniawska &#8211; ZnanyLekarz.pl<\/p>\n","protected":false},"author":1,"featured_media":0,"parent":0,"menu_order":0,"comment_status":"closed","ping_status":"closed","template":"elementor_header_footer","meta":[],"yoast_head":"<!-- This site is optimized with the Yoast SEO plugin v19.1 - https:\/\/yoast.com\/wordpress\/plugins\/seo\/ -->\n<title>Um\u00f3w wizyt\u0119 - Ko-Relacje Pychoterapia Integratywna<\/title>\n<meta name=\"robots\" content=\"index, follow, max-snippet:-1, max-image-preview:large, max-video-preview:-1\" \/>\n<link rel=\"canonical\" href=\"http:\/\/ko-relacje-psychoterapia.pl\/?page_id=1030\" \/>\n<meta property=\"og:locale\" content=\"pl_PL\" \/>\n<meta property=\"og:type\" content=\"article\" \/>\n<meta property=\"og:title\" content=\"Um\u00f3w wizyt\u0119 - Ko-Relacje Pychoterapia Integratywna\" \/>\n<meta property=\"og:description\" content=\"W celu um\u00f3wienia si\u0119 na spotkanie mo\u017cesz: Um\u00f3wi\u0107 si\u0119 bezpo\u015brednio przez telefon: +48&nbsp;571-036-680 Um\u00f3wi\u0107 spotkanie przez portal ZnanyLekarz.pl Ewa Sieniawska &#8211; ZnanyLekarz.pl\" \/>\n<meta property=\"og:url\" content=\"http:\/\/ko-relacje-psychoterapia.pl\/?page_id=1030\" \/>\n<meta property=\"og:site_name\" content=\"Ko-Relacje Pychoterapia Integratywna\" \/>\n<meta property=\"article:modified_time\" content=\"2022-09-18T21:11:37+00:00\" \/>\n<meta name=\"twitter:card\" content=\"summary_large_image\" \/>\n<meta name=\"twitter:label1\" content=\"Szacowany czas czytania\" \/>\n\t<meta name=\"twitter:data1\" content=\"1 minuta\" \/>\n<script type=\"application\/ld+json\" class=\"yoast-schema-graph\">{\"@context\":\"https:\/\/schema.org\",\"@graph\":[{\"@type\":\"WebSite\",\"@id\":\"http:\/\/ko-relacje-psychoterapia.pl\/#website\",\"url\":\"http:\/\/ko-relacje-psychoterapia.pl\/\",\"name\":\"Ko-Relacje Pychoterapia Integratywna\",\"description\":\"\",\"potentialAction\":[{\"@type\":\"SearchAction\",\"target\":{\"@type\":\"EntryPoint\",\"urlTemplate\":\"http:\/\/ko-relacje-psychoterapia.pl\/?s={search_term_string}\"},\"query-input\":\"required name=search_term_string\"}],\"inLanguage\":\"pl-PL\"},{\"@type\":\"WebPage\",\"@id\":\"http:\/\/ko-relacje-psychoterapia.pl\/?page_id=1030#webpage\",\"url\":\"http:\/\/ko-relacje-psychoterapia.pl\/?page_id=1030\",\"name\":\"Um\u00f3w wizyt\u0119 - Ko-Relacje Pychoterapia Integratywna\",\"isPartOf\":{\"@id\":\"http:\/\/ko-relacje-psychoterapia.pl\/#website\"},\"datePublished\":\"2022-06-19T08:13:52+00:00\",\"dateModified\":\"2022-09-18T21:11:37+00:00\",\"breadcrumb\":{\"@id\":\"http:\/\/ko-relacje-psychoterapia.pl\/?page_id=1030#breadcrumb\"},\"inLanguage\":\"pl-PL\",\"potentialAction\":[{\"@type\":\"ReadAction\",\"target\":[\"http:\/\/ko-relacje-psychoterapia.pl\/?page_id=1030\"]}]},{\"@type\":\"BreadcrumbList\",\"@id\":\"http:\/\/ko-relacje-psychoterapia.pl\/?page_id=1030#breadcrumb\",\"itemListElement\":[{\"@type\":\"ListItem\",\"position\":1,\"name\":\"Home\",\"item\":\"http:\/\/ko-relacje-psychoterapia.pl\/\"},{\"@type\":\"ListItem\",\"position\":2,\"name\":\"Um\u00f3w wizyt\u0119\"}]}]}<\/script>\n<!-- \/ Yoast SEO plugin. -->","yoast_head_json":{"title":"Um\u00f3w wizyt\u0119 - Ko-Relacje Pychoterapia Integratywna","robots":{"index":"index","follow":"follow","max-snippet":"max-snippet:-1","max-image-preview":"max-image-preview:large","max-video-preview":"max-video-preview:-1"},"canonical":"http:\/\/ko-relacje-psychoterapia.pl\/?page_id=1030","og_locale":"pl_PL","og_type":"article","og_title":"Um\u00f3w wizyt\u0119 - Ko-Relacje Pychoterapia Integratywna","og_description":"W celu um\u00f3wienia si\u0119 na spotkanie mo\u017cesz: Um\u00f3wi\u0107 si\u0119 bezpo\u015brednio przez telefon: +48&nbsp;571-036-680 Um\u00f3wi\u0107 spotkanie przez portal ZnanyLekarz.pl Ewa Sieniawska &#8211; ZnanyLekarz.pl","og_url":"http:\/\/ko-relacje-psychoterapia.pl\/?page_id=1030","og_site_name":"Ko-Relacje Pychoterapia Integratywna","article_modified_time":"2022-09-18T21:11:37+00:00","twitter_card":"summary_large_image","twitter_misc":{"Szacowany czas czytania":"1 minuta"},"schema":{"@context":"https:\/\/schema.org","@graph":[{"@type":"WebSite","@id":"http:\/\/ko-relacje-psychoterapia.pl\/#website","url":"http:\/\/ko-relacje-psychoterapia.pl\/","name":"Ko-Relacje Pychoterapia Integratywna","description":"","potentialAction":[{"@type":"SearchAction","target":{"@type":"EntryPoint","urlTemplate":"http:\/\/ko-relacje-psychoterapia.pl\/?s={search_term_string}"},"query-input":"required name=search_term_string"}],"inLanguage":"pl-PL"},{"@type":"WebPage","@id":"http:\/\/ko-relacje-psychoterapia.pl\/?page_id=1030#webpage","url":"http:\/\/ko-relacje-psychoterapia.pl\/?page_id=1030","name":"Um\u00f3w wizyt\u0119 - Ko-Relacje Pychoterapia Integratywna","isPartOf":{"@id":"http:\/\/ko-relacje-psychoterapia.pl\/#website"},"datePublished":"2022-06-19T08:13:52+00:00","dateModified":"2022-09-18T21:11:37+00:00","breadcrumb":{"@id":"http:\/\/ko-relacje-psychoterapia.pl\/?page_id=1030#breadcrumb"},"inLanguage":"pl-PL","potentialAction":[{"@type":"ReadAction","target":["http:\/\/ko-relacje-psychoterapia.pl\/?page_id=1030"]}]},{"@type":"BreadcrumbList","@id":"http:\/\/ko-relacje-psychoterapia.pl\/?page_id=1030#breadcrumb","itemListElement":[{"@type":"ListItem","position":1,"name":"Home","item":"http:\/\/ko-relacje-psychoterapia.pl\/"},{"@type":"ListItem","position":2,"name":"Um\u00f3w wizyt\u0119"}]}]}},"_links":{"self":[{"href":"http:\/\/ko-relacje-psychoterapia.pl\/index.php?rest_route=\/wp\/v2\/pages\/1030"}],"collection":[{"href":"http:\/\/ko-relacje-psychoterapia.pl\/index.php?rest_route=\/wp\/v2\/pages"}],"about":[{"href":"http:\/\/ko-relacje-psychoterapia.pl\/index.php?rest_route=\/wp\/v2\/types\/page"}],"author":[{"embeddable":true,"href":"http:\/\/ko-relacje-psychoterapia.pl\/index.php?rest_route=\/wp\/v2\/users\/1"}],"replies":[{"embeddable":true,"href":"http:\/\/ko-relacje-psychoterapia.pl\/index.php?rest_route=%2Fwp%2Fv2%2Fcomments&post=1030"}],"version-history":[{"count":79,"href":"http:\/\/ko-relacje-psychoterapia.pl\/index.php?rest_route=\/wp\/v2\/pages\/1030\/revisions"}],"predecessor-version":[{"id":1339,"href":"http:\/\/ko-relacje-psychoterapia.pl\/index.php?rest_route=\/wp\/v2\/pages\/1030\/revisions\/1339"}],"wp:attachment":[{"href":"http:\/\/ko-relacje-psychoterapia.pl\/index.php?rest_route=%2Fwp%2Fv2%2Fmedia&parent=1030"}],"curies":[{"name":"wp","href":"https:\/\/api.w.org\/{rel}","templated":true}]}}