{"id":1021,"date":"2022-06-19T10:04:58","date_gmt":"2022-06-19T08:04:58","guid":{"rendered":"http:\/\/ko-relacje-psychoterapia.pl\/?page_id=1021"},"modified":"2026-02-02T00:33:53","modified_gmt":"2026-02-01T23:33:53","slug":"cennik","status":"publish","type":"page","link":"http:\/\/ko-relacje-psychoterapia.pl\/?page_id=1021","title":{"rendered":"Cennik"},"content":{"rendered":"\t\t<div data-elementor-type=\"wp-page\" data-elementor-id=\"1021\" class=\"elementor elementor-1021\">\n\t\t\t\t\t\t\t\t\t<section class=\"elementor-section elementor-top-section elementor-element elementor-element-c7ba38c elementor-section-boxed elementor-section-height-default elementor-section-height-default\" data-id=\"c7ba38c\" data-element_type=\"section\">\n\t\t\t\t\t\t<div class=\"elementor-container elementor-column-gap-default\">\n\t\t\t\t\t<div class=\"elementor-column elementor-col-100 elementor-top-column elementor-element elementor-element-ec4722e\" data-id=\"ec4722e\" data-element_type=\"column\">\n\t\t\t<div class=\"elementor-widget-wrap elementor-element-populated\">\n\t\t\t\t\t\t\t\t<div class=\"elementor-element elementor-element-e82268c eael-table-align-center eael-dt-th-align-left eael-dt-td-align-left elementor-widget elementor-widget-eael-data-table\" data-id=\"e82268c\" data-element_type=\"widget\" data-widget_type=\"eael-data-table.default\">\n\t\t\t\t<div class=\"elementor-widget-container\">\n\t\t\t\t\t<div class=\"eael-data-table-wrap\" data-table_id=\"e82268c\" data-custom_responsive=\"false\">\n\t\t\t<table class=\"tablesorter eael-data-table center\" id=\"eael-data-table-e82268c\">\n\t\t\t    <thead>\n\t\t\t        <tr class=\"table-header\">\n\t\t\t\t\t\t\t\t\t            <th class=\"\" id=\"\" colspan=\"\">\n\t\t\t\t\t\t\t\t\t\t\t\t\t\t<span class=\"data-table-header-text\">Rodzaj us\u0142ugi<\/span><\/th>\n\t\t\t        \t\t\t\t            <th class=\"\" id=\"\" colspan=\"\">\n\t\t\t\t\t\t\t\t\t\t\t\t\t\t<span class=\"data-table-header-text\">Czas trwania spotkania<\/span><\/th>\n\t\t\t        \t\t\t\t            <th class=\"\" id=\"\" colspan=\"\">\n\t\t\t\t\t\t\t\t\t\t\t\t\t\t<span class=\"data-table-header-text\">Cena<\/span><\/th>\n\t\t\t        \t\t\t\t        <\/tr>\n\t\t\t    <\/thead>\n\t\t\t  \t<tbody>\n\t\t\t\t\t\t\t\t\t\t\t<tr>\n\t\t\t\t\t\t\t\t\t\t\t\t\t\t\t\t   \t\t\t\t\t\t\t\t\t\t\t<td colspan=\"\" rowspan=\"\" class=\"\" id=\"\">\n\t\t\t\t\t\t\t\t\t\t\t\t<div class=\"td-content-wrapper\"><div class=\"td-content\">Konsultacja psychologiczna <\/div><\/div>\n\t\t\t\t\t\t\t\t\t\t\t<\/td>\n\t\t\t\t\t\t\t\t\t\t\t\t\t\t\t\t\t\t\t\t\t\t\t\t\t\t\t\t\t   \t\t\t\t\t\t\t\t\t\t\t<td colspan=\"\" rowspan=\"\" class=\"\" id=\"\">\n\t\t\t\t\t\t\t\t\t\t\t\t<div class=\"td-content-wrapper\"><div class=\"td-content\">50 minut<\/div><\/div>\n\t\t\t\t\t\t\t\t\t\t\t<\/td>\n\t\t\t\t\t\t\t\t\t\t\t\t\t\t\t\t\t\t\t\t\t\t\t\t\t\t\t\t\t   \t\t\t\t\t\t\t\t\t\t\t<td colspan=\"\" rowspan=\"\" class=\"\" id=\"\">\n\t\t\t\t\t\t\t\t\t\t\t\t<div class=\"td-content-wrapper\"><div class=\"td-content\">200 z\u0142<\/div><\/div>\n\t\t\t\t\t\t\t\t\t\t\t<\/td>\n\t\t\t\t\t\t\t\t\t\t\t\t\t\t\t\t\t\t\t\t\t\t\t\t\t\t<\/tr>\n\t\t\t        \t\t\t\t\t\t<tr>\n\t\t\t\t\t\t\t\t\t\t\t\t\t<\/tr>\n\t\t\t        \t\t\t\t\t\t<tr>\n\t\t\t\t\t\t\t\t\t\t\t\t\t\t\t\t   \t\t\t\t\t\t\t\t\t\t\t<td colspan=\"\" rowspan=\"\" class=\"\" id=\"\">\n\t\t\t\t\t\t\t\t\t\t\t\t<div class=\"td-content-wrapper\"><div class=\"td-content\">Sesja psychoterapeutyczna<\/div><\/div>\n\t\t\t\t\t\t\t\t\t\t\t<\/td>\n\t\t\t\t\t\t\t\t\t\t\t\t\t\t\t\t\t\t\t\t\t\t\t\t\t\t\t\t\t   \t\t\t\t\t\t\t\t\t\t\t<td colspan=\"\" rowspan=\"\" class=\"\" id=\"\">\n\t\t\t\t\t\t\t\t\t\t\t\t<div class=\"td-content-wrapper\"><div class=\"td-content\">50 minut<\/div><\/div>\n\t\t\t\t\t\t\t\t\t\t\t<\/td>\n\t\t\t\t\t\t\t\t\t\t\t\t\t\t\t\t\t\t\t\t\t\t\t\t\t\t\t\t\t   \t\t\t\t\t\t\t\t\t\t\t<td colspan=\"\" rowspan=\"\" class=\"\" id=\"\">\n\t\t\t\t\t\t\t\t\t\t\t\t<div class=\"td-content-wrapper\"><div class=\"td-content\">200 z\u0142<\/div><\/div>\n\t\t\t\t\t\t\t\t\t\t\t<\/td>\n\t\t\t\t\t\t\t\t\t\t\t\t\t\t\t\t\t\t\t\t\t\t\t\t\t\t<\/tr>\n\t\t\t        \t\t\t    <\/tbody>\n\t\t\t<\/table>\n\t\t<\/div>\n\t  \t\t\t<\/div>\n\t\t\t\t<\/div>\n\t\t\t\t\t<\/div>\n\t\t<\/div>\n\t\t\t\t\t\t\t<\/div>\n\t\t<\/section>\n\t\t\t\t<section class=\"elementor-section elementor-top-section elementor-element elementor-element-3d5e715 elementor-section-boxed elementor-section-height-default elementor-section-height-default\" data-id=\"3d5e715\" data-element_type=\"section\">\n\t\t\t\t\t\t<div class=\"elementor-container elementor-column-gap-default\">\n\t\t\t\t\t<div class=\"elementor-column elementor-col-100 elementor-top-column elementor-element elementor-element-818e8e0\" data-id=\"818e8e0\" data-element_type=\"column\">\n\t\t\t<div class=\"elementor-widget-wrap elementor-element-populated\">\n\t\t\t\t\t\t\t\t<div class=\"elementor-element elementor-element-219cdb6 elementor-align-center animated-slow elementor-invisible elementor-widget elementor-widget-button\" data-id=\"219cdb6\" data-element_type=\"widget\" data-settings=\"{&quot;_animation&quot;:&quot;fadeIn&quot;,&quot;_animation_delay&quot;:300}\" data-widget_type=\"button.default\">\n\t\t\t\t<div class=\"elementor-widget-container\">\n\t\t\t\t\t<div class=\"elementor-button-wrapper\">\n\t\t\t<a href=\"http:\/\/ko-relacje-psychoterapia.pl\/?page_id=1030\" class=\"elementor-button-link elementor-button elementor-size-sm elementor-animation-grow\" role=\"button\">\n\t\t\t\t\t\t<span class=\"elementor-button-content-wrapper\">\n\t\t\t\t\t\t\t<span class=\"elementor-button-icon elementor-align-icon-left\">\n\t\t\t\t<i aria-hidden=\"true\" class=\"far fa-calendar-alt\"><\/i>\t\t\t<\/span>\n\t\t\t\t\t\t<span class=\"elementor-button-text\">Um\u00f3w Wizyt\u0119<\/span>\n\t\t<\/span>\n\t\t\t\t\t<\/a>\n\t\t<\/div>\n\t\t\t\t<\/div>\n\t\t\t\t<\/div>\n\t\t\t\t\t<\/div>\n\t\t<\/div>\n\t\t\t\t\t\t\t<\/div>\n\t\t<\/section>\n\t\t\t\t\t\t\t<\/div>\n\t\t","protected":false},"excerpt":{"rendered":"<p>Rodzaj us\u0142ugi Czas trwania spotkania Cena Konsultacja psychologiczna 50 minut 200 z\u0142 Sesja psychoterapeutyczna 50 minut 200 z\u0142 Um\u00f3w Wizyt\u0119<\/p>\n","protected":false},"author":1,"featured_media":0,"parent":0,"menu_order":0,"comment_status":"closed","ping_status":"closed","template":"elementor_header_footer","meta":[],"yoast_head":"<!-- This site is optimized with the Yoast SEO plugin v19.1 - https:\/\/yoast.com\/wordpress\/plugins\/seo\/ -->\n<title>Cennik - Ko-Relacje Pychoterapia Integratywna<\/title>\n<meta name=\"robots\" content=\"index, follow, max-snippet:-1, max-image-preview:large, max-video-preview:-1\" \/>\n<link rel=\"canonical\" href=\"http:\/\/ko-relacje-psychoterapia.pl\/?page_id=1021\" \/>\n<meta property=\"og:locale\" content=\"pl_PL\" \/>\n<meta property=\"og:type\" content=\"article\" \/>\n<meta property=\"og:title\" content=\"Cennik - Ko-Relacje Pychoterapia Integratywna\" \/>\n<meta property=\"og:description\" content=\"Rodzaj us\u0142ugi Czas trwania spotkania Cena Konsultacja psychologiczna 50 minut 200 z\u0142 Sesja psychoterapeutyczna 50 minut 200 z\u0142 Um\u00f3w Wizyt\u0119\" \/>\n<meta property=\"og:url\" content=\"http:\/\/ko-relacje-psychoterapia.pl\/?page_id=1021\" \/>\n<meta property=\"og:site_name\" content=\"Ko-Relacje Pychoterapia Integratywna\" \/>\n<meta property=\"article:modified_time\" content=\"2026-02-01T23:33:53+00:00\" \/>\n<meta name=\"twitter:card\" content=\"summary_large_image\" \/>\n<meta name=\"twitter:label1\" content=\"Szacowany czas czytania\" \/>\n\t<meta name=\"twitter:data1\" content=\"1 minuta\" \/>\n<script type=\"application\/ld+json\" class=\"yoast-schema-graph\">{\"@context\":\"https:\/\/schema.org\",\"@graph\":[{\"@type\":\"WebSite\",\"@id\":\"http:\/\/ko-relacje-psychoterapia.pl\/#website\",\"url\":\"http:\/\/ko-relacje-psychoterapia.pl\/\",\"name\":\"Ko-Relacje Pychoterapia Integratywna\",\"description\":\"\",\"potentialAction\":[{\"@type\":\"SearchAction\",\"target\":{\"@type\":\"EntryPoint\",\"urlTemplate\":\"http:\/\/ko-relacje-psychoterapia.pl\/?s={search_term_string}\"},\"query-input\":\"required name=search_term_string\"}],\"inLanguage\":\"pl-PL\"},{\"@type\":\"WebPage\",\"@id\":\"http:\/\/ko-relacje-psychoterapia.pl\/?page_id=1021#webpage\",\"url\":\"http:\/\/ko-relacje-psychoterapia.pl\/?page_id=1021\",\"name\":\"Cennik - Ko-Relacje Pychoterapia Integratywna\",\"isPartOf\":{\"@id\":\"http:\/\/ko-relacje-psychoterapia.pl\/#website\"},\"datePublished\":\"2022-06-19T08:04:58+00:00\",\"dateModified\":\"2026-02-01T23:33:53+00:00\",\"breadcrumb\":{\"@id\":\"http:\/\/ko-relacje-psychoterapia.pl\/?page_id=1021#breadcrumb\"},\"inLanguage\":\"pl-PL\",\"potentialAction\":[{\"@type\":\"ReadAction\",\"target\":[\"http:\/\/ko-relacje-psychoterapia.pl\/?page_id=1021\"]}]},{\"@type\":\"BreadcrumbList\",\"@id\":\"http:\/\/ko-relacje-psychoterapia.pl\/?page_id=1021#breadcrumb\",\"itemListElement\":[{\"@type\":\"ListItem\",\"position\":1,\"name\":\"Home\",\"item\":\"http:\/\/ko-relacje-psychoterapia.pl\/\"},{\"@type\":\"ListItem\",\"position\":2,\"name\":\"Cennik\"}]}]}<\/script>\n<!-- \/ Yoast SEO plugin. -->","yoast_head_json":{"title":"Cennik - Ko-Relacje Pychoterapia Integratywna","robots":{"index":"index","follow":"follow","max-snippet":"max-snippet:-1","max-image-preview":"max-image-preview:large","max-video-preview":"max-video-preview:-1"},"canonical":"http:\/\/ko-relacje-psychoterapia.pl\/?page_id=1021","og_locale":"pl_PL","og_type":"article","og_title":"Cennik - Ko-Relacje Pychoterapia Integratywna","og_description":"Rodzaj us\u0142ugi Czas trwania spotkania Cena Konsultacja psychologiczna 50 minut 200 z\u0142 Sesja psychoterapeutyczna 50 minut 200 z\u0142 Um\u00f3w Wizyt\u0119","og_url":"http:\/\/ko-relacje-psychoterapia.pl\/?page_id=1021","og_site_name":"Ko-Relacje Pychoterapia Integratywna","article_modified_time":"2026-02-01T23:33:53+00:00","twitter_card":"summary_large_image","twitter_misc":{"Szacowany czas czytania":"1 minuta"},"schema":{"@context":"https:\/\/schema.org","@graph":[{"@type":"WebSite","@id":"http:\/\/ko-relacje-psychoterapia.pl\/#website","url":"http:\/\/ko-relacje-psychoterapia.pl\/","name":"Ko-Relacje Pychoterapia Integratywna","description":"","potentialAction":[{"@type":"SearchAction","target":{"@type":"EntryPoint","urlTemplate":"http:\/\/ko-relacje-psychoterapia.pl\/?s={search_term_string}"},"query-input":"required name=search_term_string"}],"inLanguage":"pl-PL"},{"@type":"WebPage","@id":"http:\/\/ko-relacje-psychoterapia.pl\/?page_id=1021#webpage","url":"http:\/\/ko-relacje-psychoterapia.pl\/?page_id=1021","name":"Cennik - Ko-Relacje Pychoterapia Integratywna","isPartOf":{"@id":"http:\/\/ko-relacje-psychoterapia.pl\/#website"},"datePublished":"2022-06-19T08:04:58+00:00","dateModified":"2026-02-01T23:33:53+00:00","breadcrumb":{"@id":"http:\/\/ko-relacje-psychoterapia.pl\/?page_id=1021#breadcrumb"},"inLanguage":"pl-PL","potentialAction":[{"@type":"ReadAction","target":["http:\/\/ko-relacje-psychoterapia.pl\/?page_id=1021"]}]},{"@type":"BreadcrumbList","@id":"http:\/\/ko-relacje-psychoterapia.pl\/?page_id=1021#breadcrumb","itemListElement":[{"@type":"ListItem","position":1,"name":"Home","item":"http:\/\/ko-relacje-psychoterapia.pl\/"},{"@type":"ListItem","position":2,"name":"Cennik"}]}]}},"_links":{"self":[{"href":"http:\/\/ko-relacje-psychoterapia.pl\/index.php?rest_route=\/wp\/v2\/pages\/1021"}],"collection":[{"href":"http:\/\/ko-relacje-psychoterapia.pl\/index.php?rest_route=\/wp\/v2\/pages"}],"about":[{"href":"http:\/\/ko-relacje-psychoterapia.pl\/index.php?rest_route=\/wp\/v2\/types\/page"}],"author":[{"embeddable":true,"href":"http:\/\/ko-relacje-psychoterapia.pl\/index.php?rest_route=\/wp\/v2\/users\/1"}],"replies":[{"embeddable":true,"href":"http:\/\/ko-relacje-psychoterapia.pl\/index.php?rest_route=%2Fwp%2Fv2%2Fcomments&post=1021"}],"version-history":[{"count":58,"href":"http:\/\/ko-relacje-psychoterapia.pl\/index.php?rest_route=\/wp\/v2\/pages\/1021\/revisions"}],"predecessor-version":[{"id":1420,"href":"http:\/\/ko-relacje-psychoterapia.pl\/index.php?rest_route=\/wp\/v2\/pages\/1021\/revisions\/1420"}],"wp:attachment":[{"href":"http:\/\/ko-relacje-psychoterapia.pl\/index.php?rest_route=%2Fwp%2Fv2%2Fmedia&parent=1021"}],"curies":[{"name":"wp","href":"https:\/\/api.w.org\/{rel}","templated":true}]}}